{"id":234,"date":"2015-11-27T12:03:11","date_gmt":"2015-11-27T18:03:11","guid":{"rendered":"http:\/\/mfb.prowebcon.com\/en\/?page_id=234"},"modified":"2015-11-27T12:06:40","modified_gmt":"2015-11-27T18:06:40","slug":"our-company","status":"publish","type":"page","link":"https:\/\/mfbcp.com.mx\/en\/our-company\/","title":{"rendered":"Our Company"},"content":{"rendered":"<div id='layer_slider_1' class='avia-layerslider main_color avia-shadow  container_wrap fullsize'    style='height: 301px;' ><\/div>\n<div class=\"flex_column av_one_full  flex_column_div av-zero-column-padding first  \" style='border-radius:0px; '><div  data-size='featured'  data-lightbox_size='large'  data-animation='slide'  data-ids='55,56,57,58'  data-video_counter='0'  data-autoplay='true'  data-bg_slider='false'  data-slide_height=''  data-handle='av_slideshow'  data-interval='7'  data-class=' '  data-css_id=''  data-scroll_down=''  data-control_layout=''  data-custom_markup=''  data-perma_caption=''  data-autoplay_stopper=''  data-image_attachment=''  data-min_height='0px'  data-default-height='28.666666666667'  class='avia-slideshow avia-slideshow-1  av-default-height-applied avia-slideshow-featured av_slideshow   avia-slide-slider '  itemprop=\"ImageObject\" itemscope=\"itemscope\" itemtype=\"https:\/\/schema.org\/ImageObject\" ><ul class='avia-slideshow-inner' style='padding-bottom: 27.272727272727%;'><li  class=' slide-1 ' ><div data-rel='slideshow-1' class='avia-slide-wrap'  ><img src='https:\/\/mfbcp.com.mx\/wp-content\/uploads\/2015\/11\/mfb-business-1.jpg' width='1100' height='300' title='mfb-business-1' alt=''  itemprop=\"thumbnailUrl\"   \/><\/div><\/li><li  class=' slide-2 ' ><div data-rel='slideshow-1' class='avia-slide-wrap'  ><img src='https:\/\/mfbcp.com.mx\/wp-content\/uploads\/2015\/11\/mfb-business-2.jpg' width='1100' height='300' title='mfb-business-2' alt=''  itemprop=\"thumbnailUrl\"   \/><\/div><\/li><li  class=' slide-3 ' ><div data-rel='slideshow-1' class='avia-slide-wrap'  ><img src='https:\/\/mfbcp.com.mx\/wp-content\/uploads\/2015\/11\/mfb-business-3.jpg' width='1100' height='300' title='mfb-business-3' alt=''  itemprop=\"thumbnailUrl\"   \/><\/div><\/li><li  class=' slide-4 ' ><div data-rel='slideshow-1' class='avia-slide-wrap'  ><img src='https:\/\/mfbcp.com.mx\/wp-content\/uploads\/2015\/11\/mfb-business-4.jpg' width='1100' height='300' title='mfb-business-4' alt=''  itemprop=\"thumbnailUrl\"   \/><\/div><\/li><\/ul><div class='avia-slideshow-arrows avia-slideshow-controls'><a href='#prev' class='prev-slide' aria-hidden='true' data-av_icon='\ue87c' data-av_iconfont='entypo-fontello'>Previous<\/a><a href='#next' class='next-slide' aria-hidden='true' data-av_icon='\ue87d' data-av_iconfont='entypo-fontello'>Next<\/a><\/div><div class='avia-slideshow-dots avia-slideshow-controls'><a href='#1' class='goto-slide active' >1<\/a><a href='#2' class='goto-slide ' >2<\/a><a href='#3' class='goto-slide ' >3<\/a><a href='#4' class='goto-slide ' >4<\/a><\/div><\/div><\/div>\n<div class=\"flex_column av_three_fifth  flex_column_div av-zero-column-padding first  \" style='border-radius:0px; '><p><div style='padding-bottom:10px;' class='av-special-heading av-special-heading-h3    '><h3 class='av-special-heading-tag '  itemprop=\"headline\"  >Financial consultancy Attorney<\/h3><div class='special-heading-border'><div class='special-heading-inner-border' ><\/div><\/div><\/div><br \/>\n<section class=\"av_textblock_section \"  itemscope=\"itemscope\" itemtype=\"https:\/\/schema.org\/CreativeWork\" ><div class='avia_textblock  '   itemprop=\"text\" ><p>En <span class=\"textonegritas\">MfB<\/span> estamos comprometidos con el desarrollo empresarial en M\u00e9xico y con la calidad total en la atenci\u00f3n a nuestros clientes. Preferimos ser un factor de desarrollo para nuestros integrantes y con ello establecer las bases para nuestra expansi\u00f3n.<\/p>\n<\/div><\/section><br \/>\n<section class=\"av_textblock_section \"  itemscope=\"itemscope\" itemtype=\"https:\/\/schema.org\/CreativeWork\" ><div class='avia_textblock  '   itemprop=\"text\" ><p><strong>Filosof\u00eda<\/strong><\/p>\n<p class=\"TEXTO\" align=\"justify\"><strong><span class=\"textonegritas\">II <\/span><\/strong>Nuestro modelo de negocio se encuentra sustentado en el Trabajo en Equipo porque libera capacidades e incrementa nuestra productividad.<\/p>\n<p class=\"TEXTO\" align=\"justify\"><strong><span class=\"textonegritas\">III <\/span><\/strong>Estamos convencidos que las estructuras planas como base organizacional de los negocios generan una respuesta inmediata a los requerimientos de nuestros clientes. De igual modo nos convertimos en una Organizaci\u00f3n Din\u00e1mica en donde todos nuestros integrantes se encuentran altamente involucrados.<\/p>\n<p class=\"TEXTO\" align=\"justify\"><strong><span class=\"textonegritas\">IV<\/span><\/strong> Las referencias de nuestros clientes, basadas en su satisfacci\u00f3n, se transforman en un compromiso adicional y nos brindan oportunidades de crecimiento.<\/p>\n<p class=\"TEXTO\" align=\"justify\"><strong><span class=\"textonegritas\">V<\/span><\/strong> La piedra angular de nuestra empresa son nuestros valores, creemos firmemente en ellos, no dej\u00e1ndolos en la simple menci\u00f3n, sino haciendo de ellos parte de nuestra cotidianeidad.<\/p>\n<p class=\"TEXTO\" align=\"justify\"><strong><span class=\"textonegritas\">VI <\/span><\/strong>Tenemos plena confianza de nuestras Alianzas se convierten en la mejor oportunidad de crecimiento y nos ayudan a servir integralmente a nuestros clientes.<\/p>\n<p class=\"TEXTO\" align=\"justify\"><strong><span class=\"textonegritas\">VII<\/span><\/strong> Estamos convencidos de que es posible vivir mejor, y de que es leg\u00edtimo y deseable aspirar a ello e invitar a los dem\u00e1s con nuestro ejemplo y nuestro trabajo. a mejorar la calidad de su ser y de su vivir.<\/p>\n<\/div><\/section><\/p><\/div><div class=\"flex_column av_two_fifth  flex_column_div av-zero-column-padding   \" style='border-radius:0px; '><p><div style='padding-bottom:10px;' class='av-special-heading av-special-heading-h3    '><h3 class='av-special-heading-tag '  itemprop=\"headline\"  >History<\/h3><div class='special-heading-border'><div class='special-heading-inner-border' ><\/div><\/div><\/div><br \/>\n<div class='avia-icon-list-container  '><ul class='avia-icon-list avia-icon-list-left av-iconlist-big avia_animate_when_almost_visible'>\n<li><div  class='iconlist_icon  avia-font-entypo-fontello'><span class='iconlist-char ' aria-hidden='true' data-av_icon='\ue819' data-av_iconfont='entypo-fontello'><\/span><\/div><article class=\"article-icon-entry \"  itemscope=\"itemscope\" itemtype=\"https:\/\/schema.org\/CreativeWork\" ><div class='iconlist_content_wrap'><header class=\"entry-content-header\"><\/header><div class='iconlist_content  '  itemprop=\"text\"  ><p class=\"TEXTO\" align=\"justify\"><span class=\"textonegritas\">Tiene sus or\u00edgenes en 1990<\/span> cuando su fundador Miguel \u00c1ngel Miranda Gonz\u00e1lez constituye con un socio el despacho \u201cJaramillo Miranda y Asociados, S.C. que hoy opera sin la sociedad inicial. En tanto, el segundo apellido de la firma viene de una de las cofundadoras la Lic. Mar\u00eda del Consuelo Franco Cossio, la cual se separa a finales de 1997.<\/p>\n<\/div><\/div><footer class=\"entry-footer\"><\/footer><\/article><div class='iconlist-timeline'><\/div><\/li>\n<li><div  class='iconlist_icon  avia-font-entypo-fontello'><span class='iconlist-char ' aria-hidden='true' data-av_icon='\ue819' data-av_iconfont='entypo-fontello'><\/span><\/div><article class=\"article-icon-entry \"  itemscope=\"itemscope\" itemtype=\"https:\/\/schema.org\/CreativeWork\" ><div class='iconlist_content_wrap'><header class=\"entry-content-header\"><\/header><div class='iconlist_content  '  itemprop=\"text\"  ><p class=\"TEXTO\" align=\"justify\"><span class=\"textonegritas\">Por el fuerte impulso que tiene la empresa y su visi\u00f3n de crecimiento<\/span> en Agosto del 2002 se integra el C.P. Juan Carlos Bojorges P\u00e9rez que junto con Lic. Miguel \u00c1ngel Miranda Gonz\u00e1lez representan actualmente la firma.<\/p>\n<\/div><\/div><footer class=\"entry-footer\"><\/footer><\/article><div class='iconlist-timeline'><\/div><\/li>\n<li><div  class='iconlist_icon  avia-font-entypo-fontello'><span class='iconlist-char ' aria-hidden='true' data-av_icon='\ue819' data-av_iconfont='entypo-fontello'><\/span><\/div><article class=\"article-icon-entry \"  itemscope=\"itemscope\" itemtype=\"https:\/\/schema.org\/CreativeWork\" ><div class='iconlist_content_wrap'><header class=\"entry-content-header\"><\/header><div class='iconlist_content  '  itemprop=\"text\"  ><p class=\"TEXTO\" align=\"justify\"><span class=\"textonegritas\">\u201cMiranda franco Bojorges, S.C.\u201d<\/span> se constituy\u00f3 en 1996 con el prop\u00f3sito de apoyar a sus clientes en las \u00e1reas de: Contabilidad, Fiscal, Planeaci\u00f3n, Presupuestos y Auditor\u00eda.<\/p>\n<\/div><\/div><footer class=\"entry-footer\"><\/footer><\/article><div class='iconlist-timeline'><\/div><\/li>\n<\/ul><\/div><\/p><\/div><\/p>\n","protected":false},"excerpt":{"rendered":"","protected":false},"author":3,"featured_media":0,"parent":0,"menu_order":0,"comment_status":"closed","ping_status":"closed","template":"","meta":[],"yoast_head":"<!-- This site is optimized with the Yoast SEO plugin v18.4.1 - https:\/\/yoast.com\/wordpress\/plugins\/seo\/ -->\n<title>Our Company - MfB Contadores<\/title>\n<meta name=\"robots\" content=\"index, follow, max-snippet:-1, max-image-preview:large, max-video-preview:-1\" \/>\n<link rel=\"canonical\" href=\"https:\/\/mfbcp.com.mx\/en\/our-company\/\" \/>\n<meta property=\"og:locale\" content=\"en_US\" \/>\n<meta property=\"og:type\" content=\"article\" \/>\n<meta property=\"og:title\" content=\"Our Company - MfB Contadores\" \/>\n<meta property=\"og:url\" content=\"https:\/\/mfbcp.com.mx\/en\/our-company\/\" \/>\n<meta property=\"og:site_name\" content=\"MfB Contadores\" \/>\n<meta property=\"article:modified_time\" content=\"2015-11-27T18:06:40+00:00\" \/>\n<meta name=\"twitter:card\" content=\"summary_large_image\" \/>\n<meta name=\"twitter:label1\" content=\"Est. reading time\" \/>\n\t<meta name=\"twitter:data1\" content=\"4 minutes\" \/>\n<script type=\"application\/ld+json\" class=\"yoast-schema-graph\">{\"@context\":\"https:\/\/schema.org\",\"@graph\":[{\"@type\":\"WebSite\",\"@id\":\"https:\/\/mfbcp.com.mx\/#website\",\"url\":\"https:\/\/mfbcp.com.mx\/\",\"name\":\"MfB Contadores\",\"description\":\"Consultor\u00eda Fiscal Financiera\",\"potentialAction\":[{\"@type\":\"SearchAction\",\"target\":{\"@type\":\"EntryPoint\",\"urlTemplate\":\"https:\/\/mfbcp.com.mx\/?s={search_term_string}\"},\"query-input\":\"required name=search_term_string\"}],\"inLanguage\":\"en-US\"},{\"@type\":\"WebPage\",\"@id\":\"https:\/\/mfbcp.com.mx\/en\/our-company\/#webpage\",\"url\":\"https:\/\/mfbcp.com.mx\/en\/our-company\/\",\"name\":\"Our Company - MfB Contadores\",\"isPartOf\":{\"@id\":\"https:\/\/mfbcp.com.mx\/#website\"},\"datePublished\":\"2015-11-27T18:03:11+00:00\",\"dateModified\":\"2015-11-27T18:06:40+00:00\",\"breadcrumb\":{\"@id\":\"https:\/\/mfbcp.com.mx\/en\/our-company\/#breadcrumb\"},\"inLanguage\":\"en-US\",\"potentialAction\":[{\"@type\":\"ReadAction\",\"target\":[\"https:\/\/mfbcp.com.mx\/en\/our-company\/\"]}]},{\"@type\":\"BreadcrumbList\",\"@id\":\"https:\/\/mfbcp.com.mx\/en\/our-company\/#breadcrumb\",\"itemListElement\":[{\"@type\":\"ListItem\",\"position\":1,\"name\":\"Portada\",\"item\":\"https:\/\/mfbcp.com.mx\/en\/\"},{\"@type\":\"ListItem\",\"position\":2,\"name\":\"Our Company\"}]}]}<\/script>\n<!-- \/ Yoast SEO plugin. -->","yoast_head_json":{"title":"Our Company - MfB Contadores","robots":{"index":"index","follow":"follow","max-snippet":"max-snippet:-1","max-image-preview":"max-image-preview:large","max-video-preview":"max-video-preview:-1"},"canonical":"https:\/\/mfbcp.com.mx\/en\/our-company\/","og_locale":"en_US","og_type":"article","og_title":"Our Company - MfB Contadores","og_url":"https:\/\/mfbcp.com.mx\/en\/our-company\/","og_site_name":"MfB Contadores","article_modified_time":"2015-11-27T18:06:40+00:00","twitter_card":"summary_large_image","twitter_misc":{"Est. reading time":"4 minutes"},"schema":{"@context":"https:\/\/schema.org","@graph":[{"@type":"WebSite","@id":"https:\/\/mfbcp.com.mx\/#website","url":"https:\/\/mfbcp.com.mx\/","name":"MfB Contadores","description":"Consultor\u00eda Fiscal Financiera","potentialAction":[{"@type":"SearchAction","target":{"@type":"EntryPoint","urlTemplate":"https:\/\/mfbcp.com.mx\/?s={search_term_string}"},"query-input":"required name=search_term_string"}],"inLanguage":"en-US"},{"@type":"WebPage","@id":"https:\/\/mfbcp.com.mx\/en\/our-company\/#webpage","url":"https:\/\/mfbcp.com.mx\/en\/our-company\/","name":"Our Company - MfB Contadores","isPartOf":{"@id":"https:\/\/mfbcp.com.mx\/#website"},"datePublished":"2015-11-27T18:03:11+00:00","dateModified":"2015-11-27T18:06:40+00:00","breadcrumb":{"@id":"https:\/\/mfbcp.com.mx\/en\/our-company\/#breadcrumb"},"inLanguage":"en-US","potentialAction":[{"@type":"ReadAction","target":["https:\/\/mfbcp.com.mx\/en\/our-company\/"]}]},{"@type":"BreadcrumbList","@id":"https:\/\/mfbcp.com.mx\/en\/our-company\/#breadcrumb","itemListElement":[{"@type":"ListItem","position":1,"name":"Portada","item":"https:\/\/mfbcp.com.mx\/en\/"},{"@type":"ListItem","position":2,"name":"Our Company"}]}]}},"_links":{"self":[{"href":"https:\/\/mfbcp.com.mx\/en\/wp-json\/wp\/v2\/pages\/234"}],"collection":[{"href":"https:\/\/mfbcp.com.mx\/en\/wp-json\/wp\/v2\/pages"}],"about":[{"href":"https:\/\/mfbcp.com.mx\/en\/wp-json\/wp\/v2\/types\/page"}],"author":[{"embeddable":true,"href":"https:\/\/mfbcp.com.mx\/en\/wp-json\/wp\/v2\/users\/3"}],"replies":[{"embeddable":true,"href":"https:\/\/mfbcp.com.mx\/en\/wp-json\/wp\/v2\/comments?post=234"}],"version-history":[{"count":1,"href":"https:\/\/mfbcp.com.mx\/en\/wp-json\/wp\/v2\/pages\/234\/revisions"}],"predecessor-version":[{"id":235,"href":"https:\/\/mfbcp.com.mx\/en\/wp-json\/wp\/v2\/pages\/234\/revisions\/235"}],"wp:attachment":[{"href":"https:\/\/mfbcp.com.mx\/en\/wp-json\/wp\/v2\/media?parent=234"}],"curies":[{"name":"wp","href":"https:\/\/api.w.org\/{rel}","templated":true}]}}