{"id":236,"date":"2015-11-27T12:14:37","date_gmt":"2015-11-27T18:14:37","guid":{"rendered":"http:\/\/mfb.prowebcon.com\/en\/?page_id=236"},"modified":"2019-07-22T13:04:01","modified_gmt":"2019-07-22T19:04:01","slug":"financial-fiscal","status":"publish","type":"page","link":"https:\/\/mfbcp.com.mx\/en\/products-and-services\/financial-fiscal\/","title":{"rendered":"Financial Fiscal"},"content":{"rendered":"<\/div><\/div><\/div><!-- close content main div --><\/div><\/div><div id='av_section_1' class='avia-section main_color avia-section-default avia-no-shadow avia-full-stretch avia-bg-style-scroll   av-minimum-height av-minimum-height-custom container_wrap fullsize' style = 'background-repeat: no-repeat; background-image: url(https:\/\/mfbcp.com.mx\/wp-content\/uploads\/2015\/11\/mfb-conta-fiscal-1500x300.jpg); background-attachment: scroll; background-position: center center; ' data-section-bg-repeat='stretch' ><div class='container' style='height:300px'><div class='template-page content  av-content-full alpha units'><div class='post-entry post-entry-type-page post-entry-236'><div class='entry-content-wrapper clearfix'>\n<div class=\"flex_column av_one_full  flex_column_div av-zero-column-padding first  \" style='border-radius:0px; '><div style='padding-bottom:10px;' class='av-special-heading av-special-heading-h3    '><h3 class='av-special-heading-tag '  itemprop=\"headline\"  >Financial-Fiscal Services<\/h3><div class='special-heading-border'><div class='special-heading-inner-border' ><\/div><\/div><\/div><\/div>\n<div class=\"flex_column av_two_third  flex_column_div av-zero-column-padding first  \" style='border-radius:0px; '><section class=\"av_textblock_section \"  itemscope=\"itemscope\" itemtype=\"https:\/\/schema.org\/CreativeWork\" ><div class='avia_textblock  '   itemprop=\"text\" ><p><img loading=\"lazy\" class=\"alignleft wp-image-145\" src=\"http:\/\/mfbcp.com.mx\/wp-content\/uploads\/2015\/11\/mfb-conta-fiscal.png\" alt=\"mfb-conta-fiscal\" width=\"184\" height=\"149\" \/><br \/>\nCONTA-FISCAL atiende las necesidades b\u00e1sicas de informaci\u00f3n de un negocio desde el punto de vista financiero y el fiscal.<br \/>\nA traves de un entregable cubre en forma oportuna y ver\u00e1z las expectativas de servicio solucionando los \u201cdolores de cabeza\u201d del \u00e1rea contable-fiscal de los negocios.<\/p>\n<\/div><\/section><\/div><div class=\"flex_column av_one_third  av-animated-generic right-to-left  flex_column_div   \" style='padding:10px; background-color:#263e7f; border-radius:10px; '><section class=\"av_textblock_section \"  itemscope=\"itemscope\" itemtype=\"https:\/\/schema.org\/CreativeWork\" ><div class='avia_textblock  av_inherit_color '  style='color:#ffffff; '  itemprop=\"text\" ><p style=\"text-align: center;\">ASK FOR INFORMATION<br \/>\nABOUT THIS PRODUCT<\/p>\n<\/div><\/section><br \/>\n<div class='avia-button-wrap avia-button-center '><a href='https:\/\/mfbcp.com.mx\/en\/contact-us\/' class='avia-button   avia-icon_select-yes-left-icon avia-color-light avia-size-small avia-position-center '   ><span class='avia_button_icon avia_button_icon_left ' aria-hidden='true' data-av_icon='\ue805' data-av_iconfont='entypo-fontello'><\/span><span class='avia_iconbox_title' >Contact Us<\/span><\/a><\/div><\/p><\/div><\/p>\n<div class=\"flex_column av_three_fifth  flex_column_div av-zero-column-padding first  \" style='border-radius:0px; '><section class=\"av_textblock_section \"  itemscope=\"itemscope\" itemtype=\"https:\/\/schema.org\/CreativeWork\" ><div class='avia_textblock  '   itemprop=\"text\" ><p><span style=\"font-weight: 400;\">Este servicio se proporciona a trav\u00e9s de nuestro Producto Terminado: <\/span><b>Conta-Fiscal,<\/b><span style=\"font-weight: 400;\"> \u00a0el cual es un reporte que se entrega de forma mensual e incluye:<\/span><\/p>\n<ol>\n<li><span style=\"font-weight: 400;\">Carta de observaciones con los puntos sobresalientes al mes del reporte<\/span><\/li>\n<li><span style=\"font-weight: 400;\">Estados Financieros B\u00e1sicos como son:<br \/>\n<\/span>Balance<br \/>\nEstado de Resultados<br \/>\nBalanza anal\u00edtica<\/li>\n<li><span style=\"font-weight: 400;\">Estimado de impuesto anual<\/span><\/li>\n<li><span style=\"font-weight: 400;\">Reporte hist\u00f3rico de impuestos<\/span><\/li>\n<li><span style=\"font-weight: 400;\">Conciliaciones Bancarias<\/span><\/li>\n<li><span style=\"font-weight: 400;\">Anexos:<br \/>\n<\/span>Reportes espec\u00edficos solicitados por el cliente: \u00cdndices Financieros, Integraci\u00f3n de cuentas colectivas<\/li>\n<\/ol>\n<\/div><\/section><\/div>\n<div class=\"flex_column av_two_fifth  flex_column_div av-zero-column-padding   \" style='border-radius:0px; '><div class='avia-icon-list-container  '><ul class='avia-icon-list avia-icon-list-left av-iconlist-big avia_animate_when_almost_visible'>\n<li><div  class='iconlist_icon  avia-font-entypo-fontello'><span class='iconlist-char ' aria-hidden='true' data-av_icon='\ue812' data-av_iconfont='entypo-fontello'><\/span><\/div><article class=\"article-icon-entry \"  itemscope=\"itemscope\" itemtype=\"https:\/\/schema.org\/CreativeWork\" ><div class='iconlist_content_wrap'><header class=\"entry-content-header\"><\/header><div class='iconlist_content  '  itemprop=\"text\"  ><p><strong>El \u00e1rea contable-fiscal esta delegada en nuestra firma.<\/strong><\/p>\n<\/div><\/div><footer class=\"entry-footer\"><\/footer><\/article><div class='iconlist-timeline'><\/div><\/li>\n<li><div  class='iconlist_icon  avia-font-entypo-fontello'><span class='iconlist-char ' aria-hidden='true' data-av_icon='\ue812' data-av_iconfont='entypo-fontello'><\/span><\/div><article class=\"article-icon-entry \"  itemscope=\"itemscope\" itemtype=\"https:\/\/schema.org\/CreativeWork\" ><div class='iconlist_content_wrap'><header class=\"entry-content-header\"><\/header><div class='iconlist_content  '  itemprop=\"text\"  ><p><strong>Nuestros procesos est\u00e1n certificados bajo la norma ISO 9001:2008.<\/strong><\/p>\n<\/div><\/div><footer class=\"entry-footer\"><\/footer><\/article><div class='iconlist-timeline'><\/div><\/li>\n<li><div  class='iconlist_icon  avia-font-entypo-fontello'><span class='iconlist-char ' aria-hidden='true' data-av_icon='\ue812' data-av_iconfont='entypo-fontello'><\/span><\/div><article class=\"article-icon-entry \"  itemscope=\"itemscope\" itemtype=\"https:\/\/schema.org\/CreativeWork\" ><div class='iconlist_content_wrap'><header class=\"entry-content-header\"><\/header><div class='iconlist_content  '  itemprop=\"text\"  ><p><strong>\u00c1rea de Control de Calidad, quien valida la elaboraci\u00f3n y entrega del Producto terminado al cliente.<\/strong><\/p>\n<\/div><\/div><footer class=\"entry-footer\"><\/footer><\/article><div class='iconlist-timeline'><\/div><\/li>\n<li><div  class='iconlist_icon  avia-font-entypo-fontello'><span class='iconlist-char ' aria-hidden='true' data-av_icon='\ue812' data-av_iconfont='entypo-fontello'><\/span><\/div><article class=\"article-icon-entry \"  itemscope=\"itemscope\" itemtype=\"https:\/\/schema.org\/CreativeWork\" ><div class='iconlist_content_wrap'><header class=\"entry-content-header\"><\/header><div class='iconlist_content  '  itemprop=\"text\"  ><p><strong>Asesor\u00eda permanente de nuestros integrantes de la firma, as\u00ed como Socios y Directivos.<\/strong><\/p>\n<\/div><\/div><footer class=\"entry-footer\"><\/footer><\/article><div class='iconlist-timeline'><\/div><\/li>\n<\/ul><\/div><\/div>\n","protected":false},"excerpt":{"rendered":"","protected":false},"author":3,"featured_media":0,"parent":255,"menu_order":0,"comment_status":"closed","ping_status":"closed","template":"","meta":[],"yoast_head":"<!-- This site is optimized with the Yoast SEO plugin v18.4.1 - https:\/\/yoast.com\/wordpress\/plugins\/seo\/ -->\n<title>Financial Fiscal - MfB Contadores<\/title>\n<meta name=\"robots\" content=\"index, follow, max-snippet:-1, max-image-preview:large, max-video-preview:-1\" \/>\n<link rel=\"canonical\" href=\"https:\/\/mfbcp.com.mx\/en\/products-and-services\/financial-fiscal\/\" \/>\n<meta property=\"og:locale\" content=\"en_US\" \/>\n<meta property=\"og:type\" content=\"article\" \/>\n<meta property=\"og:title\" content=\"Financial Fiscal - MfB Contadores\" \/>\n<meta property=\"og:url\" content=\"https:\/\/mfbcp.com.mx\/en\/products-and-services\/financial-fiscal\/\" \/>\n<meta property=\"og:site_name\" content=\"MfB Contadores\" \/>\n<meta property=\"article:modified_time\" content=\"2019-07-22T19:04:01+00:00\" \/>\n<meta property=\"og:image\" content=\"http:\/\/mfbcp.com.mx\/wp-content\/uploads\/2015\/11\/mfb-conta-fiscal.png\" \/>\n<meta name=\"twitter:card\" content=\"summary_large_image\" \/>\n<meta name=\"twitter:label1\" content=\"Est. reading time\" \/>\n\t<meta name=\"twitter:data1\" content=\"3 minutes\" \/>\n<script type=\"application\/ld+json\" class=\"yoast-schema-graph\">{\"@context\":\"https:\/\/schema.org\",\"@graph\":[{\"@type\":\"WebSite\",\"@id\":\"https:\/\/mfbcp.com.mx\/#website\",\"url\":\"https:\/\/mfbcp.com.mx\/\",\"name\":\"MfB Contadores\",\"description\":\"Consultor\u00eda Fiscal Financiera\",\"potentialAction\":[{\"@type\":\"SearchAction\",\"target\":{\"@type\":\"EntryPoint\",\"urlTemplate\":\"https:\/\/mfbcp.com.mx\/?s={search_term_string}\"},\"query-input\":\"required name=search_term_string\"}],\"inLanguage\":\"en-US\"},{\"@type\":\"ImageObject\",\"@id\":\"https:\/\/mfbcp.com.mx\/en\/products-and-services\/financial-fiscal\/#primaryimage\",\"inLanguage\":\"en-US\",\"url\":\"http:\/\/mfbcp.com.mx\/wp-content\/uploads\/2015\/11\/mfb-conta-fiscal.png\",\"contentUrl\":\"http:\/\/mfbcp.com.mx\/wp-content\/uploads\/2015\/11\/mfb-conta-fiscal.png\"},{\"@type\":\"WebPage\",\"@id\":\"https:\/\/mfbcp.com.mx\/en\/products-and-services\/financial-fiscal\/#webpage\",\"url\":\"https:\/\/mfbcp.com.mx\/en\/products-and-services\/financial-fiscal\/\",\"name\":\"Financial Fiscal - MfB Contadores\",\"isPartOf\":{\"@id\":\"https:\/\/mfbcp.com.mx\/#website\"},\"primaryImageOfPage\":{\"@id\":\"https:\/\/mfbcp.com.mx\/en\/products-and-services\/financial-fiscal\/#primaryimage\"},\"datePublished\":\"2015-11-27T18:14:37+00:00\",\"dateModified\":\"2019-07-22T19:04:01+00:00\",\"breadcrumb\":{\"@id\":\"https:\/\/mfbcp.com.mx\/en\/products-and-services\/financial-fiscal\/#breadcrumb\"},\"inLanguage\":\"en-US\",\"potentialAction\":[{\"@type\":\"ReadAction\",\"target\":[\"https:\/\/mfbcp.com.mx\/en\/products-and-services\/financial-fiscal\/\"]}]},{\"@type\":\"BreadcrumbList\",\"@id\":\"https:\/\/mfbcp.com.mx\/en\/products-and-services\/financial-fiscal\/#breadcrumb\",\"itemListElement\":[{\"@type\":\"ListItem\",\"position\":1,\"name\":\"Portada\",\"item\":\"https:\/\/mfbcp.com.mx\/en\/\"},{\"@type\":\"ListItem\",\"position\":2,\"name\":\"Products and Services\",\"item\":\"https:\/\/mfbcp.com.mx\/en\/products-and-services\/\"},{\"@type\":\"ListItem\",\"position\":3,\"name\":\"Financial Fiscal\"}]}]}<\/script>\n<!-- \/ Yoast SEO plugin. -->","yoast_head_json":{"title":"Financial Fiscal - MfB Contadores","robots":{"index":"index","follow":"follow","max-snippet":"max-snippet:-1","max-image-preview":"max-image-preview:large","max-video-preview":"max-video-preview:-1"},"canonical":"https:\/\/mfbcp.com.mx\/en\/products-and-services\/financial-fiscal\/","og_locale":"en_US","og_type":"article","og_title":"Financial Fiscal - MfB Contadores","og_url":"https:\/\/mfbcp.com.mx\/en\/products-and-services\/financial-fiscal\/","og_site_name":"MfB Contadores","article_modified_time":"2019-07-22T19:04:01+00:00","og_image":[{"url":"http:\/\/mfbcp.com.mx\/wp-content\/uploads\/2015\/11\/mfb-conta-fiscal.png"}],"twitter_card":"summary_large_image","twitter_misc":{"Est. reading time":"3 minutes"},"schema":{"@context":"https:\/\/schema.org","@graph":[{"@type":"WebSite","@id":"https:\/\/mfbcp.com.mx\/#website","url":"https:\/\/mfbcp.com.mx\/","name":"MfB Contadores","description":"Consultor\u00eda Fiscal Financiera","potentialAction":[{"@type":"SearchAction","target":{"@type":"EntryPoint","urlTemplate":"https:\/\/mfbcp.com.mx\/?s={search_term_string}"},"query-input":"required name=search_term_string"}],"inLanguage":"en-US"},{"@type":"ImageObject","@id":"https:\/\/mfbcp.com.mx\/en\/products-and-services\/financial-fiscal\/#primaryimage","inLanguage":"en-US","url":"http:\/\/mfbcp.com.mx\/wp-content\/uploads\/2015\/11\/mfb-conta-fiscal.png","contentUrl":"http:\/\/mfbcp.com.mx\/wp-content\/uploads\/2015\/11\/mfb-conta-fiscal.png"},{"@type":"WebPage","@id":"https:\/\/mfbcp.com.mx\/en\/products-and-services\/financial-fiscal\/#webpage","url":"https:\/\/mfbcp.com.mx\/en\/products-and-services\/financial-fiscal\/","name":"Financial Fiscal - MfB Contadores","isPartOf":{"@id":"https:\/\/mfbcp.com.mx\/#website"},"primaryImageOfPage":{"@id":"https:\/\/mfbcp.com.mx\/en\/products-and-services\/financial-fiscal\/#primaryimage"},"datePublished":"2015-11-27T18:14:37+00:00","dateModified":"2019-07-22T19:04:01+00:00","breadcrumb":{"@id":"https:\/\/mfbcp.com.mx\/en\/products-and-services\/financial-fiscal\/#breadcrumb"},"inLanguage":"en-US","potentialAction":[{"@type":"ReadAction","target":["https:\/\/mfbcp.com.mx\/en\/products-and-services\/financial-fiscal\/"]}]},{"@type":"BreadcrumbList","@id":"https:\/\/mfbcp.com.mx\/en\/products-and-services\/financial-fiscal\/#breadcrumb","itemListElement":[{"@type":"ListItem","position":1,"name":"Portada","item":"https:\/\/mfbcp.com.mx\/en\/"},{"@type":"ListItem","position":2,"name":"Products and Services","item":"https:\/\/mfbcp.com.mx\/en\/products-and-services\/"},{"@type":"ListItem","position":3,"name":"Financial Fiscal"}]}]}},"_links":{"self":[{"href":"https:\/\/mfbcp.com.mx\/en\/wp-json\/wp\/v2\/pages\/236"}],"collection":[{"href":"https:\/\/mfbcp.com.mx\/en\/wp-json\/wp\/v2\/pages"}],"about":[{"href":"https:\/\/mfbcp.com.mx\/en\/wp-json\/wp\/v2\/types\/page"}],"author":[{"embeddable":true,"href":"https:\/\/mfbcp.com.mx\/en\/wp-json\/wp\/v2\/users\/3"}],"replies":[{"embeddable":true,"href":"https:\/\/mfbcp.com.mx\/en\/wp-json\/wp\/v2\/comments?post=236"}],"version-history":[{"count":3,"href":"https:\/\/mfbcp.com.mx\/en\/wp-json\/wp\/v2\/pages\/236\/revisions"}],"predecessor-version":[{"id":415,"href":"https:\/\/mfbcp.com.mx\/en\/wp-json\/wp\/v2\/pages\/236\/revisions\/415"}],"up":[{"embeddable":true,"href":"https:\/\/mfbcp.com.mx\/en\/wp-json\/wp\/v2\/pages\/255"}],"wp:attachment":[{"href":"https:\/\/mfbcp.com.mx\/en\/wp-json\/wp\/v2\/media?parent=236"}],"curies":[{"name":"wp","href":"https:\/\/api.w.org\/{rel}","templated":true}]}}