{"id":238,"date":"2015-11-27T12:21:09","date_gmt":"2015-11-27T18:21:09","guid":{"rendered":"http:\/\/mfb.prowebcon.com\/en\/?page_id=238"},"modified":"2015-11-27T12:21:09","modified_gmt":"2015-11-27T18:21:09","slug":"audit","status":"publish","type":"page","link":"https:\/\/mfbcp.com.mx\/en\/products-and-services\/audit\/","title":{"rendered":"Audit"},"content":{"rendered":"<\/div><\/div><\/div><!-- close content main div --><\/div><\/div><div id='av_section_1' class='avia-section main_color avia-section-default avia-no-shadow avia-full-stretch avia-bg-style-scroll   av-minimum-height av-minimum-height-custom container_wrap fullsize' style = 'background-repeat: no-repeat; background-image: url(https:\/\/mfbcp.com.mx\/wp-content\/uploads\/2015\/11\/mfb-conta-fiscal-1500x300.jpg); background-attachment: scroll; background-position: center center; ' data-section-bg-repeat='stretch' ><div class='container' style='height:300px'><div class='template-page content  av-content-full alpha units'><div class='post-entry post-entry-type-page post-entry-238'><div class='entry-content-wrapper clearfix'>\n<div class=\"flex_column av_one_full  flex_column_div av-zero-column-padding first  \" style='border-radius:0px; '><div style='padding-bottom:10px;' class='av-special-heading av-special-heading-h3    '><h3 class='av-special-heading-tag '  itemprop=\"headline\"  >Audit services<\/h3><div class='special-heading-border'><div class='special-heading-inner-border' ><\/div><\/div><\/div><\/div><div class=\"flex_column av_two_third  flex_column_div av-zero-column-padding first  \" style='border-radius:0px; '><section class=\"av_textblock_section \"  itemscope=\"itemscope\" itemtype=\"https:\/\/schema.org\/CreativeWork\" ><div class='avia_textblock  '   itemprop=\"text\" ><p><img loading=\"lazy\" class=\"alignleft wp-image-153 \" src=\"http:\/\/mfb.prowebcon.com\/wp-content\/uploads\/2015\/11\/mfb-auditoria.png\" alt=\"\" width=\"155\" height=\"167\" \/><\/p>\n<p>Su objetivo principal es expresar una opini\u00f3n profesional independiente respecto a los estados financieros de su Empresa.<\/p>\n<p>Este servicio se proporciona a trav\u00e9s de nuestro Producto Terminado: <b>Auditoria<\/b> \u00a0el cual dependiendo del objetivo a cumplir, financiero o para efectos fiscales, comprender\u00e1 los siguientes reportes que se entregan en 6 etapas:<\/p>\n<\/div><\/section><\/div><\/p>\n<div class=\"flex_column av_one_third  av-animated-generic right-to-left  flex_column_div   \" style='padding:10px; background-color:#263e7f; border-radius:10px; '><section class=\"av_textblock_section \"  itemscope=\"itemscope\" itemtype=\"https:\/\/schema.org\/CreativeWork\" ><div class='avia_textblock  av_inherit_color '  style='color:#ffffff; '  itemprop=\"text\" ><p style=\"text-align: center;\">ASK FOR INFORMATION<br \/>\nABOUT THIS PRODUCT<\/p>\n<\/div><\/section><br \/>\n<div class='avia-button-wrap avia-button-center '><a href='https:\/\/mfbcp.com.mx\/en\/contact-us\/' class='avia-button   avia-icon_select-yes-left-icon avia-color-light avia-size-small avia-position-center '   ><span class='avia_button_icon avia_button_icon_left ' aria-hidden='true' data-av_icon='\ue805' data-av_iconfont='entypo-fontello'><\/span><span class='avia_iconbox_title' >Contact Us<\/span><\/a><\/div><\/p><\/div><div class=\"flex_column av_three_fifth  flex_column_div av-zero-column-padding first  \" style='border-radius:0px; '><section class=\"av_textblock_section \"  itemscope=\"itemscope\" itemtype=\"https:\/\/schema.org\/CreativeWork\" ><div class='avia_textblock  '   itemprop=\"text\" ><p style=\"text-align: center;\"><strong><span style=\"text-decoration: underline;\">1<br \/>\n<\/span><\/strong>Revisi\u00f3n de Obligaciones: Obligaciones fiscales, de seguridad social, contractuales.<\/p>\n<div style='height:30px' class='hr hr-invisible  '><span class='hr-inner ' ><span class='hr-inner-style'><\/span><\/span><\/div>\n<p style=\"text-align: center;\"><strong><span style=\"text-decoration: underline;\">2<\/span><br \/>\n<\/strong>Revisi\u00f3n de Control Interno: Apego a pol\u00edticas y controles establecidos por la empresa.<\/p>\n<p style=\"text-align: center;\"><div style='height:30px' class='hr hr-invisible  '><span class='hr-inner ' ><span class='hr-inner-style'><\/span><\/span><\/div><\/p>\n<p style=\"text-align: center;\"><strong><span style=\"text-decoration: underline;\">3<\/span><br \/>\n<\/strong>Revisi\u00f3n de Cifras: Revisi\u00f3n documental, compulsas con terceros, registro de operaciones y pol\u00edticas contables.<\/p>\n<p style=\"text-align: center;\"><div style='height:30px' class='hr hr-invisible  '><span class='hr-inner ' ><span class='hr-inner-style'><\/span><\/span><\/div><\/p>\n<p style=\"text-align: center;\"><strong><span style=\"text-decoration: underline;\">4<\/span><br \/>\n<\/strong>Cierre Auditoria: Versi\u00f3n final de Estados financieros y revisi\u00f3n de c\u00e1lculo de impuestos anuales.<\/p>\n<p style=\"text-align: center;\"><div style='height:30px' class='hr hr-invisible  '><span class='hr-inner ' ><span class='hr-inner-style'><\/span><\/span><\/div><\/p>\n<p style=\"text-align: center;\"><strong><span style=\"text-decoration: underline;\">5<\/span><br \/>\n<\/strong>Dictamen Financiero<\/p>\n<p style=\"text-align: center;\"><div style='height:30px' class='hr hr-invisible  '><span class='hr-inner ' ><span class='hr-inner-style'><\/span><\/span><\/div><\/p>\n<p style=\"text-align: center;\"><strong><span style=\"text-decoration: underline;\">6<\/span><br \/>\n<\/strong>Dictamen Fiscal<\/p>\n<\/div><\/section><\/div><\/p>\n<div class=\"flex_column av_two_fifth  flex_column_div av-zero-column-padding   \" style='border-radius:0px; '><div class='avia-icon-list-container  '><ul class='avia-icon-list avia-icon-list-left av-iconlist-big avia_animate_when_almost_visible'>\n<li><div  class='iconlist_icon  avia-font-entypo-fontello'><span class='iconlist-char ' aria-hidden='true' data-av_icon='\ue812' data-av_iconfont='entypo-fontello'><\/span><\/div><article class=\"article-icon-entry \"  itemscope=\"itemscope\" itemtype=\"https:\/\/schema.org\/CreativeWork\" ><div class='iconlist_content_wrap'><header class=\"entry-content-header\"><\/header><div class='iconlist_content  '  itemprop=\"text\"  ><p><strong>Seguridad en el cumplimiento de sus obligaciones fiscales, mercantiles, civiles y laborales.<\/strong><\/p>\n<\/div><\/div><footer class=\"entry-footer\"><\/footer><\/article><div class='iconlist-timeline'><\/div><\/li>\n<li><div  class='iconlist_icon  avia-font-entypo-fontello'><span class='iconlist-char ' aria-hidden='true' data-av_icon='\ue812' data-av_iconfont='entypo-fontello'><\/span><\/div><article class=\"article-icon-entry \"  itemscope=\"itemscope\" itemtype=\"https:\/\/schema.org\/CreativeWork\" ><div class='iconlist_content_wrap'><header class=\"entry-content-header\"><\/header><div class='iconlist_content  '  itemprop=\"text\"  ><p><strong>Reportes parciales de la auditor\u00eda a trav\u00e9s del Producto Terminado Auditor\u00eda en cada una de las etapas.<\/strong><\/p>\n<\/div><\/div><footer class=\"entry-footer\"><\/footer><\/article><div class='iconlist-timeline'><\/div><\/li>\n<li><div  class='iconlist_icon  avia-font-entypo-fontello'><span class='iconlist-char ' aria-hidden='true' data-av_icon='\ue812' data-av_iconfont='entypo-fontello'><\/span><\/div><article class=\"article-icon-entry \"  itemscope=\"itemscope\" itemtype=\"https:\/\/schema.org\/CreativeWork\" ><div class='iconlist_content_wrap'><header class=\"entry-content-header\"><\/header><div class='iconlist_content  '  itemprop=\"text\"  ><p><strong>Nuestros procesos est\u00e1n certificados bajo la norma ISO 9001:2008.<\/strong><\/p>\n<\/div><\/div><footer class=\"entry-footer\"><\/footer><\/article><div class='iconlist-timeline'><\/div><\/li>\n<li><div  class='iconlist_icon  avia-font-entypo-fontello'><span class='iconlist-char ' aria-hidden='true' data-av_icon='\ue812' data-av_iconfont='entypo-fontello'><\/span><\/div><article class=\"article-icon-entry \"  itemscope=\"itemscope\" itemtype=\"https:\/\/schema.org\/CreativeWork\" ><div class='iconlist_content_wrap'><header class=\"entry-content-header\"><\/header><div class='iconlist_content  '  itemprop=\"text\"  ><p><strong>\u00c1rea de Control de Calidad, quien valida la elaboraci\u00f3n y entrega del Producto terminado al cliente.<\/strong><\/p>\n<\/div><\/div><footer class=\"entry-footer\"><\/footer><\/article><div class='iconlist-timeline'><\/div><\/li>\n<li><div  class='iconlist_icon  avia-font-entypo-fontello'><span class='iconlist-char ' aria-hidden='true' data-av_icon='\ue812' data-av_iconfont='entypo-fontello'><\/span><\/div><article class=\"article-icon-entry \"  itemscope=\"itemscope\" itemtype=\"https:\/\/schema.org\/CreativeWork\" ><div class='iconlist_content_wrap'><header class=\"entry-content-header\"><\/header><div class='iconlist_content  '  itemprop=\"text\"  ><p><strong>Asesor\u00eda permanente de nuestros integrantes de la firma, as\u00ed como Socios y Directivos.<\/strong><\/p>\n<\/div><\/div><footer class=\"entry-footer\"><\/footer><\/article><div class='iconlist-timeline'><\/div><\/li>\n<\/ul><\/div><\/div>\n","protected":false},"excerpt":{"rendered":"","protected":false},"author":3,"featured_media":0,"parent":255,"menu_order":0,"comment_status":"closed","ping_status":"closed","template":"","meta":[],"yoast_head":"<!-- This site is optimized with the Yoast SEO plugin v18.4.1 - https:\/\/yoast.com\/wordpress\/plugins\/seo\/ -->\n<title>Audit - MfB Contadores<\/title>\n<meta name=\"robots\" content=\"index, follow, max-snippet:-1, max-image-preview:large, max-video-preview:-1\" \/>\n<link rel=\"canonical\" href=\"https:\/\/mfbcp.com.mx\/en\/products-and-services\/audit\/\" \/>\n<meta property=\"og:locale\" content=\"en_US\" \/>\n<meta property=\"og:type\" content=\"article\" \/>\n<meta property=\"og:title\" content=\"Audit - MfB Contadores\" \/>\n<meta property=\"og:url\" content=\"https:\/\/mfbcp.com.mx\/en\/products-and-services\/audit\/\" \/>\n<meta property=\"og:site_name\" content=\"MfB Contadores\" \/>\n<meta property=\"og:image\" content=\"http:\/\/mfb.prowebcon.com\/wp-content\/uploads\/2015\/11\/mfb-auditoria.png\" \/>\n<meta name=\"twitter:card\" content=\"summary_large_image\" \/>\n<meta name=\"twitter:label1\" content=\"Est. reading time\" \/>\n\t<meta name=\"twitter:data1\" content=\"5 minutes\" \/>\n<script type=\"application\/ld+json\" class=\"yoast-schema-graph\">{\"@context\":\"https:\/\/schema.org\",\"@graph\":[{\"@type\":\"WebSite\",\"@id\":\"https:\/\/mfbcp.com.mx\/#website\",\"url\":\"https:\/\/mfbcp.com.mx\/\",\"name\":\"MfB Contadores\",\"description\":\"Consultor\u00eda Fiscal Financiera\",\"potentialAction\":[{\"@type\":\"SearchAction\",\"target\":{\"@type\":\"EntryPoint\",\"urlTemplate\":\"https:\/\/mfbcp.com.mx\/?s={search_term_string}\"},\"query-input\":\"required name=search_term_string\"}],\"inLanguage\":\"en-US\"},{\"@type\":\"ImageObject\",\"@id\":\"https:\/\/mfbcp.com.mx\/en\/products-and-services\/audit\/#primaryimage\",\"inLanguage\":\"en-US\",\"url\":\"http:\/\/mfb.prowebcon.com\/wp-content\/uploads\/2015\/11\/mfb-auditoria.png\",\"contentUrl\":\"http:\/\/mfb.prowebcon.com\/wp-content\/uploads\/2015\/11\/mfb-auditoria.png\"},{\"@type\":\"WebPage\",\"@id\":\"https:\/\/mfbcp.com.mx\/en\/products-and-services\/audit\/#webpage\",\"url\":\"https:\/\/mfbcp.com.mx\/en\/products-and-services\/audit\/\",\"name\":\"Audit - MfB Contadores\",\"isPartOf\":{\"@id\":\"https:\/\/mfbcp.com.mx\/#website\"},\"primaryImageOfPage\":{\"@id\":\"https:\/\/mfbcp.com.mx\/en\/products-and-services\/audit\/#primaryimage\"},\"datePublished\":\"2015-11-27T18:21:09+00:00\",\"dateModified\":\"2015-11-27T18:21:09+00:00\",\"breadcrumb\":{\"@id\":\"https:\/\/mfbcp.com.mx\/en\/products-and-services\/audit\/#breadcrumb\"},\"inLanguage\":\"en-US\",\"potentialAction\":[{\"@type\":\"ReadAction\",\"target\":[\"https:\/\/mfbcp.com.mx\/en\/products-and-services\/audit\/\"]}]},{\"@type\":\"BreadcrumbList\",\"@id\":\"https:\/\/mfbcp.com.mx\/en\/products-and-services\/audit\/#breadcrumb\",\"itemListElement\":[{\"@type\":\"ListItem\",\"position\":1,\"name\":\"Portada\",\"item\":\"https:\/\/mfbcp.com.mx\/en\/\"},{\"@type\":\"ListItem\",\"position\":2,\"name\":\"Products and Services\",\"item\":\"https:\/\/mfbcp.com.mx\/en\/products-and-services\/\"},{\"@type\":\"ListItem\",\"position\":3,\"name\":\"Audit\"}]}]}<\/script>\n<!-- \/ Yoast SEO plugin. -->","yoast_head_json":{"title":"Audit - MfB Contadores","robots":{"index":"index","follow":"follow","max-snippet":"max-snippet:-1","max-image-preview":"max-image-preview:large","max-video-preview":"max-video-preview:-1"},"canonical":"https:\/\/mfbcp.com.mx\/en\/products-and-services\/audit\/","og_locale":"en_US","og_type":"article","og_title":"Audit - MfB Contadores","og_url":"https:\/\/mfbcp.com.mx\/en\/products-and-services\/audit\/","og_site_name":"MfB Contadores","og_image":[{"url":"http:\/\/mfb.prowebcon.com\/wp-content\/uploads\/2015\/11\/mfb-auditoria.png"}],"twitter_card":"summary_large_image","twitter_misc":{"Est. reading time":"5 minutes"},"schema":{"@context":"https:\/\/schema.org","@graph":[{"@type":"WebSite","@id":"https:\/\/mfbcp.com.mx\/#website","url":"https:\/\/mfbcp.com.mx\/","name":"MfB Contadores","description":"Consultor\u00eda Fiscal Financiera","potentialAction":[{"@type":"SearchAction","target":{"@type":"EntryPoint","urlTemplate":"https:\/\/mfbcp.com.mx\/?s={search_term_string}"},"query-input":"required name=search_term_string"}],"inLanguage":"en-US"},{"@type":"ImageObject","@id":"https:\/\/mfbcp.com.mx\/en\/products-and-services\/audit\/#primaryimage","inLanguage":"en-US","url":"http:\/\/mfb.prowebcon.com\/wp-content\/uploads\/2015\/11\/mfb-auditoria.png","contentUrl":"http:\/\/mfb.prowebcon.com\/wp-content\/uploads\/2015\/11\/mfb-auditoria.png"},{"@type":"WebPage","@id":"https:\/\/mfbcp.com.mx\/en\/products-and-services\/audit\/#webpage","url":"https:\/\/mfbcp.com.mx\/en\/products-and-services\/audit\/","name":"Audit - MfB Contadores","isPartOf":{"@id":"https:\/\/mfbcp.com.mx\/#website"},"primaryImageOfPage":{"@id":"https:\/\/mfbcp.com.mx\/en\/products-and-services\/audit\/#primaryimage"},"datePublished":"2015-11-27T18:21:09+00:00","dateModified":"2015-11-27T18:21:09+00:00","breadcrumb":{"@id":"https:\/\/mfbcp.com.mx\/en\/products-and-services\/audit\/#breadcrumb"},"inLanguage":"en-US","potentialAction":[{"@type":"ReadAction","target":["https:\/\/mfbcp.com.mx\/en\/products-and-services\/audit\/"]}]},{"@type":"BreadcrumbList","@id":"https:\/\/mfbcp.com.mx\/en\/products-and-services\/audit\/#breadcrumb","itemListElement":[{"@type":"ListItem","position":1,"name":"Portada","item":"https:\/\/mfbcp.com.mx\/en\/"},{"@type":"ListItem","position":2,"name":"Products and Services","item":"https:\/\/mfbcp.com.mx\/en\/products-and-services\/"},{"@type":"ListItem","position":3,"name":"Audit"}]}]}},"_links":{"self":[{"href":"https:\/\/mfbcp.com.mx\/en\/wp-json\/wp\/v2\/pages\/238"}],"collection":[{"href":"https:\/\/mfbcp.com.mx\/en\/wp-json\/wp\/v2\/pages"}],"about":[{"href":"https:\/\/mfbcp.com.mx\/en\/wp-json\/wp\/v2\/types\/page"}],"author":[{"embeddable":true,"href":"https:\/\/mfbcp.com.mx\/en\/wp-json\/wp\/v2\/users\/3"}],"replies":[{"embeddable":true,"href":"https:\/\/mfbcp.com.mx\/en\/wp-json\/wp\/v2\/comments?post=238"}],"version-history":[{"count":1,"href":"https:\/\/mfbcp.com.mx\/en\/wp-json\/wp\/v2\/pages\/238\/revisions"}],"predecessor-version":[{"id":239,"href":"https:\/\/mfbcp.com.mx\/en\/wp-json\/wp\/v2\/pages\/238\/revisions\/239"}],"up":[{"embeddable":true,"href":"https:\/\/mfbcp.com.mx\/en\/wp-json\/wp\/v2\/pages\/255"}],"wp:attachment":[{"href":"https:\/\/mfbcp.com.mx\/en\/wp-json\/wp\/v2\/media?parent=238"}],"curies":[{"name":"wp","href":"https:\/\/api.w.org\/{rel}","templated":true}]}}